{"id":172,"date":"2013-02-09T00:11:27","date_gmt":"2013-02-08T23:11:27","guid":{"rendered":"\/?page_id=172"},"modified":"2022-04-20T00:30:07","modified_gmt":"2022-04-19T22:30:07","slug":"contact","status":"publish","type":"page","link":"https:\/\/tristanweis.com\/de\/contact\/","title":{"rendered":"Kontakt"},"content":{"rendered":"<p><img loading=\"lazy\" decoding=\"async\" class=\"alignnone size-full wp-image-2055\" src=\"\/wp-content\/uploads\/2017\/11\/171101-portrait-tristan_weis-01_bright-1920_1080.jpg\" alt=\"\" width=\"1920\" height=\"1280\" srcset=\"https:\/\/tristanweis.com\/wp-content\/uploads\/2017\/11\/171101-portrait-tristan_weis-01_bright-1920_1080.jpg 1920w, https:\/\/tristanweis.com\/wp-content\/uploads\/2017\/11\/171101-portrait-tristan_weis-01_bright-1920_1080-300x200.jpg 300w, https:\/\/tristanweis.com\/wp-content\/uploads\/2017\/11\/171101-portrait-tristan_weis-01_bright-1920_1080-768x512.jpg 768w, https:\/\/tristanweis.com\/wp-content\/uploads\/2017\/11\/171101-portrait-tristan_weis-01_bright-1920_1080-1024x683.jpg 1024w\" sizes=\"auto, (max-width: 706px) 89vw, (max-width: 767px) 82vw, 740px\" \/><\/p>\n<p><span style=\"font-family: 'Crimson Text'; font-size: 36px;\">Hi,<\/span><\/p>\n<p>Mein Name ist Tristan und ich bin ein Medienk\u00fcnstler mit Leidenschaft f\u00fcr 3D, Animation und CGI. Ich habe mein Masterstudium an der <em>Bauhaus-Universit\u00e4t Weimar<\/em> im Studiengang Medienkunst\/Mediengestaltung abgeschlossen. Momentan lebe ich in Stuttgart und freue mich darauf, an neuen Projekten zu arbeiten, neue Bekanntschaften mit kreativen K\u00f6pfen zu machen und meine F\u00e4higkeiten noch weiter auszubauen.<\/p>\n<p>Falls Du Anmerkungen zu meiner Arbeit hast, mir eine Frage stellen m\u00f6chtest oder denkst, dass ich der Richtige f\u00fcr eines Deiner Projekte bin, sende mir doch gerne eine Nachricht!<\/p>\n<h1>Kontakt<\/h1>\n\n<div class=\"wpcf7 no-js\" id=\"wpcf7-f1926-o2\" lang=\"en-US\" dir=\"ltr\" data-wpcf7-id=\"1926\">\n<div class=\"screen-reader-response\"><p role=\"status\" aria-live=\"polite\" aria-atomic=\"true\"><\/p> <ul><\/ul><\/div>\n<form action=\"\/de\/wp-json\/wp\/v2\/pages\/172#wpcf7-f1926-o2\" method=\"post\" class=\"wpcf7-form init\" aria-label=\"Contact form\" novalidate=\"novalidate\" data-status=\"init\">\n<fieldset class=\"hidden-fields-container\"><input type=\"hidden\" name=\"_wpcf7\" value=\"1926\" \/><input type=\"hidden\" name=\"_wpcf7_version\" value=\"6.1.5\" \/><input type=\"hidden\" name=\"_wpcf7_locale\" value=\"en_US\" \/><input type=\"hidden\" name=\"_wpcf7_unit_tag\" value=\"wpcf7-f1926-o2\" \/><input type=\"hidden\" name=\"_wpcf7_container_post\" value=\"0\" \/><input type=\"hidden\" name=\"_wpcf7_posted_data_hash\" value=\"\" \/><input type=\"hidden\" name=\"_wpcf7_recaptcha_response\" value=\"\" \/>\n<\/fieldset>\n<p><label> Deine E-Mail-Adresse (Pflichtfeld)<br \/>\n<span class=\"wpcf7-form-control-wrap\" data-name=\"your-email\"><input size=\"40\" maxlength=\"400\" class=\"wpcf7-form-control wpcf7-email wpcf7-validates-as-required wpcf7-text wpcf7-validates-as-email\" aria-required=\"true\" aria-invalid=\"false\" value=\"\" type=\"email\" name=\"your-email\" \/><\/span> <\/label>\n<\/p>\n<p><label> Dein Name<br \/>\n<span class=\"wpcf7-form-control-wrap\" data-name=\"your-name\"><input size=\"40\" maxlength=\"400\" class=\"wpcf7-form-control wpcf7-text\" aria-invalid=\"false\" value=\"\" type=\"text\" name=\"your-name\" \/><\/span> <\/label>\n<\/p>\n<p><label> Betreff<br \/>\n<span class=\"wpcf7-form-control-wrap\" data-name=\"your-subject\"><input size=\"40\" maxlength=\"400\" class=\"wpcf7-form-control wpcf7-text\" aria-invalid=\"false\" value=\"\" type=\"text\" name=\"your-subject\" \/><\/span> <\/label>\n<\/p>\n<p><label> Deine Nachricht (Pflichtfeld)<br \/>\n<span class=\"wpcf7-form-control-wrap\" data-name=\"your-message\"><textarea cols=\"40\" rows=\"10\" maxlength=\"2000\" class=\"wpcf7-form-control wpcf7-textarea wpcf7-validates-as-required\" aria-required=\"true\" aria-invalid=\"false\" name=\"your-message\"><\/textarea><\/span> <\/label>\n<\/p>\n<p><input class=\"wpcf7-form-control wpcf7-submit has-spinner\" type=\"submit\" value=\"Send\" \/>\n<\/p><div class=\"wpcf7-response-output\" aria-hidden=\"true\"><\/div>\n<\/form>\n<\/div>","protected":false},"excerpt":{"rendered":"<p>Hi, Mein Name ist Tristan und ich bin ein Medienk\u00fcnstler mit Leidenschaft f\u00fcr 3D, Animation und CGI. Ich habe mein Masterstudium an der Bauhaus-Universit\u00e4t Weimar im Studiengang Medienkunst\/Mediengestaltung abgeschlossen. Momentan lebe ich in Stuttgart und freue mich darauf, an neuen Projekten zu arbeiten, neue Bekanntschaften mit kreativen K\u00f6pfen zu machen und meine F\u00e4higkeiten noch weiter &hellip; <\/p>\n<p class=\"link-more\"><a href=\"https:\/\/tristanweis.com\/de\/contact\/\" class=\"more-link\"><span class=\"screen-reader-text\">\u201eKontakt\u201c <\/span>weiterlesen<\/a><\/p>\n","protected":false},"author":1,"featured_media":0,"parent":0,"menu_order":5,"comment_status":"closed","ping_status":"closed","template":"","meta":{"footnotes":""},"class_list":["post-172","page","type-page","status-publish","hentry"],"_links":{"self":[{"href":"https:\/\/tristanweis.com\/de\/wp-json\/wp\/v2\/pages\/172","targetHints":{"allow":["GET"]}}],"collection":[{"href":"https:\/\/tristanweis.com\/de\/wp-json\/wp\/v2\/pages"}],"about":[{"href":"https:\/\/tristanweis.com\/de\/wp-json\/wp\/v2\/types\/page"}],"author":[{"embeddable":true,"href":"https:\/\/tristanweis.com\/de\/wp-json\/wp\/v2\/users\/1"}],"replies":[{"embeddable":true,"href":"https:\/\/tristanweis.com\/de\/wp-json\/wp\/v2\/comments?post=172"}],"version-history":[{"count":2,"href":"https:\/\/tristanweis.com\/de\/wp-json\/wp\/v2\/pages\/172\/revisions"}],"predecessor-version":[{"id":2858,"href":"https:\/\/tristanweis.com\/de\/wp-json\/wp\/v2\/pages\/172\/revisions\/2858"}],"wp:attachment":[{"href":"https:\/\/tristanweis.com\/de\/wp-json\/wp\/v2\/media?parent=172"}],"curies":[{"name":"wp","href":"https:\/\/api.w.org\/{rel}","templated":true}]}}