{"id":1894,"date":"2017-10-30T14:14:10","date_gmt":"2017-10-30T13:14:10","guid":{"rendered":"https:\/\/tristanweis.com\/?page_id=1894"},"modified":"2021-11-21T14:36:04","modified_gmt":"2021-11-21T13:36:04","slug":"disclaimer","status":"publish","type":"page","link":"https:\/\/tristanweis.com\/de\/disclaimer\/","title":{"rendered":"Impressum"},"content":{"rendered":"<h1 class=\"wp-block-heading\">Datenschutzerkl\u00e4rung<\/h1>\n\n\n\n<p>Diese Webseite speichert keine Daten \u00fcber Nutzer. Besuchern ist es nicht gestattet, Konten anzulegen oder Eintr\u00e4ge anonym zu kommentieren \u2013 daher werden auch keine pers\u00f6nliche Daten gespeichert. Bei dem Besuch dieser Seite stimmen Sie jedoch den Bedingungen externer Inhaltsgeber zu.<\/p>\n\n\n\n<h2 class=\"wp-block-heading\">Eingebettete Inhalte von anderen Seiten<\/h2>\n\n\n\n<p>Beitr\u00e4ge auf dieser Seite werden eventuell durch eingebettete Inhalte (z.B. Videos, Bilder, Dokumente, etc.) erg\u00e4nzt. Der Inhalt anderer Webseiten verh\u00e4lt sich in der gleichen Weise, als ob der Besucher diese Seite direkt besucht. Diese Seiten k\u00f6nnen Daten \u00fcber Sie sammeln, Cookies nutzen und Ihre Interaktion mit dem eingebetteten Inhalt durch Tracking und andere Methoden analysieren \u2013 vor allem wenn Sie dort in ein bestehendes Nutzerkonto eingeloggt sind.<\/p>\n\n\n\n<h1 class=\"wp-block-heading\">Impressum<\/h1>\n\n\n\n<p>Anbieter:<br>Tristan Weis<br>Feuerleinstr. 12<br>70193 Stuttgart<br><a href=\"\/contact\">Kontakt<\/a><\/p>\n\n\n\n<h2 class=\"wp-block-heading\">Haftung f\u00fcr Inhalte<\/h2>\n\n\n\n<p>Als Diensteanbieter bin ich gem\u00e4\u00df \u00a7 7 Abs.1 TMG f\u00fcr eigene Inhalte auf diesen Seiten nach den allgemeinen Gesetzen verantwortlich. Nach \u00a7\u00a7 8 bis 10 TMG bin ich als Diensteanbieter jedoch nicht verpflichtet, \u00fcbermittelte oder gespeicherte fremde Informationen zu \u00fcberwachen oder nach Umst\u00e4nden zu forschen, die auf eine rechtswidrige T\u00e4tigkeit hinweisen.<br>Verpflichtungen zur Entfernung oder Sperrung der Nutzung von Informationen nach den allgemeinen Gesetzen bleiben hiervon unber\u00fchrt. Eine diesbez\u00fcgliche Haftung ist jedoch erst ab dem Zeitpunkt der Kenntnis einer konkreten Rechtsverletzung m\u00f6glich. Bei Bekanntwerden von entsprechenden Rechtsverletzungen werden wir diese Inhalte umgehend entfernen.<\/p>\n\n\n\n<h2 class=\"wp-block-heading\">Haftung f\u00fcr Links<\/h2>\n\n\n\n<p>Mein Angebot enth\u00e4lt Links zu externen Webseiten Dritter, auf deren Inhalte ich keinen Einfluss habe. Deshalb kann ich f\u00fcr diese fremden Inhalte auch keine Gew\u00e4hr \u00fcbernehmen. F\u00fcr die Inhalte der verlinkten Seiten ist stets der jeweilige Anbieter oder Betreiber der Seiten verantwortlich. Die verlinkten Seiten wurden zum Zeitpunkt der Verlinkung auf m\u00f6gliche Rechtsverst\u00f6\u00dfe \u00fcberpr\u00fcft. Rechtswidrige Inhalte waren zum Zeitpunkt der Verlinkung nicht erkennbar.<br>Eine permanente inhaltliche Kontrolle der verlinkten Seiten ist jedoch ohne konkrete Anhaltspunkte einer Rechtsverletzung nicht zumutbar. Bei Bekanntwerden von Rechtsverletzungen werden wir derartige Links umgehend entfernen.<\/p>\n\n\n\n<h2 class=\"wp-block-heading\">Urheberrecht<\/h2>\n\n\n\n<p>Die durch den Seitenbetreiber erstellten Inhalte und Werke auf diesen Seiten unterliegen dem deutschen Urheberrecht. Die Vervielf\u00e4ltigung, Bearbeitung, Verbreitung und jede Art der Verwertung au\u00dferhalb der Grenzen des Urheberrechtes bed\u00fcrfen der schriftlichen Zustimmung des jeweiligen Autors bzw. Erstellers. Downloads und Kopien dieser Seite sind nur f\u00fcr den privaten, nicht kommerziellen Gebrauch gestattet.<br>Soweit die Inhalte auf dieser Seite nicht vom Betreiber erstellt wurden, werden die Urheberrechte Dritter beachtet. Insbesondere werden Inhalte Dritter als solche gekennzeichnet. Sollten Sie trotzdem auf eine Urheberrechtsverletzung aufmerksam werden, bitten wir um einen entsprechenden Hinweis. Bei Bekanntwerden von Rechtsverletzungen werden wir derartige Inhalte umgehend entfernen.<\/p>\n\n\n\n<h1 class=\"wp-block-heading\">Cookie-Richtlinie<\/h1>\n\n\n\n<p>Diese Cookie-Richtlinie erkl\u00e4rt, was Cookies sind und wie wir sie verwenden, welche Arten von Cookies wir verwenden, d. h. die Informationen, die wir mithilfe von Cookies sammeln und wie diese Informationen verwendet werden, und wie Sie die Cookie-Einstellungen steuern. Weitere Informationen dar\u00fcber, wie wir Ihre personenbezogenen Daten verwenden, speichern und sch\u00fctzen, finden Sie in unserer Datenschutzerkl\u00e4rung.<\/p>\n\n\n\n<p>Sie k\u00f6nnen die Cookie-Erkl\u00e4rung auf unserer Website jederzeit \u00e4ndern oder Ihre Einwilligung widerrufen. In unserer Datenschutzerkl\u00e4rung erfahren Sie mehr dar\u00fcber, wer wir sind, wie Sie uns kontaktieren k\u00f6nnen und wie wir personenbezogene Daten verarbeiten.\nIhre Einwilligung gilt f\u00fcr die folgenden Domains: tristanweis.com<\/p>\n\n\n<div class=\"cli_user_consent_state\">Dein aktueller Status: Keine Einwilligung erteilt. <a class=\"cli_manage_current_consent\" style=\"cursor:pointer;text-decoration:underline;\">Verwalte deine Einwilligung<\/a> <\/div>\n\n\n\n<h2 class=\"wp-block-heading\">Was sind Cookies?<\/h2>\n\n\n\n<p>Cookies sind kleine Textdateien, die dazu dienen, kleine Informationen zu speichern. Sie werden beim Laden der Website in Ihrem Browser auf Ihrem Endger\u00e4t gespeichert. Diese Cookies helfen uns, die Website ordnungsgem\u00e4\u00df zu funktionieren, sie sicherer zu machen, eine bessere Benutzererfahrung zu bieten und die Leistung der Website zu verstehen und zu analysieren, was funktioniert und wo Verbesserungsbedarf besteht.<\/p>\n\n\n\n<h2 class=\"wp-block-heading\">Wie verwenden wir Cookies?<\/h2>\n\n\n\n<p>Wie die meisten Online-Dienste verwendet unsere Website f\u00fcr verschiedene Zwecke Erst- und Drittanbieter-Cookies. Erstanbieter-Cookies sind meist notwendig, damit die Website richtig funktioniert, und sammeln keine Ihrer personenbezogenen Daten. Die auf unserer Website verwendeten Cookies von Drittanbietern dienen haupts\u00e4chlich dazu, die Leistung der Website zu verstehen, wie Sie mit unserer Website interagieren, die Sicherheit unserer Dienste zu gew\u00e4hrleisten, f\u00fcr Sie relevante Werbung bereitzustellen und Ihnen insgesamt ein besseres Nutzungserlebnis zu erm\u00f6glichen und helfen, Ihre zuk\u00fcnftigen Interaktionen mit unserer Website zu beschleunigen.<\/p>\n\n\n\n<h2 class=\"wp-block-heading\">Welche Arten von Cookies verwenden wir?<\/h2>\n\n\n\n<p>Unverzichtbar: Einige Cookies sind unerl\u00e4sslich, damit Sie die volle Funktionalit\u00e4t unserer Website nutzen k\u00f6nnen. Sie erm\u00f6glichen es uns, Benutzersitzungen aufrechtzuerhalten und Sicherheitsbedrohungen zu verhindern. Sie sammeln oder speichern keine personenbezogenen Daten. Mit diesen Cookies k\u00f6nnen Sie sich beispielsweise bei Ihrem Konto anmelden, Produkte in Ihren Warenkorb legen und sicher zur Kasse gehen.<\/p>\n\n\n\n<p>Statistiken: Diese Cookies speichern Informationen wie die Anzahl der Besucher der Website, die Anzahl der einzelnen Besucher, welche Seiten der Website besucht wurden, die Quelle des Besuchs usw. Diese Daten helfen uns zu verstehen und zu analysieren, wie gut die Website funktioniert und wo Verbesserungsbedarf besteht.<\/p>\n\n\n\n<p>Marketing: Auf unserer Website werden Anzeigen geschaltet. Diese Cookies werden verwendet, um die Werbung, die wir Ihnen zeigen, so zu personalisieren, dass sie f\u00fcr Sie von Bedeutung ist. Diese Cookies helfen uns auch, die Effizienz dieser Werbekampagnen zu verfolgen. Die in diesen Cookies gespeicherten Informationen k\u00f6nnen auch von den Drittanbietern von Anzeigen verwendet werden, um Ihnen auch auf anderen Websites im Browser Anzeigen anzuzeigen.<\/p>\n\n\n\n<p>Funktional: Dies sind die Cookies, die bestimmte nicht wesentliche Funktionen auf unserer Website unterst\u00fctzen. Zu diesen Funktionalit\u00e4ten geh\u00f6ren das Einbetten von Inhalten wie Videos oder das Teilen von Inhalten der Website auf Social-Media-Plattformen.<\/p>\n\n\n\n<p>Einstellungen: Diese Cookies helfen uns, Ihre Einstellungen und Browsereinstellungen wie Spracheinstellungen zu speichern, damit Sie bei zuk\u00fcnftigen Besuchen der Website ein besseres und effizienteres Erlebnis haben.<\/p>\n\n\n\n<p>In der folgenden Liste sind die auf unserer Website verwendeten Cookies aufgef\u00fchrt.<\/p>\n\n\n\n<figure class=\"wp-block-table\"><table><thead><tr><th>Cookie<\/th><th>Description<\/th><\/tr><\/thead><tbody><tr><td>cookielawinfo-checkbox-analytics<\/td><td>Dieses Cookie wird vom GDPR Cookie Consent Plugin gesetzt. Das Cookie wird verwendet, um die Zustimmung des Benutzers f\u00fcr die Cookies in der Kategorie \u201eAnalytics\u201c zu speichern.<\/td><\/tr><tr><td>cookielawinfo-checkbox-functional<\/td><td>Das Cookie wird von der DSGVO Cookie-Einwilligung gesetzt, um die Nutzereinwilligung f\u00fcr die Cookies in der Kategorie \u201eFunktional\u201c zu erfassen.<\/td><\/tr><tr><td>cookielawinfo-checkbox-necessary<\/td><td>Dieses Cookie wird vom GDPR Cookie Consent Plugin gesetzt. Die Cookies werden verwendet, um die Zustimmung des Benutzers f\u00fcr die Cookies in der Kategorie \u201eNotwendig\u201c zu speichern.<\/td><\/tr><tr><td>cookielawinfo-checkbox-others<\/td><td>Dieses Cookie wird vom GDPR Cookie Consent Plugin gesetzt. Das Cookie wird verwendet, um die Zustimmung des Benutzers f\u00fcr die Cookies in der Kategorie \u201eSonstiges\u201c zu speichern.<\/td><\/tr><tr><td>cookielawinfo-checkbox-performance<\/td><td>Dieses Cookie wird vom GDPR Cookie Consent Plugin gesetzt. Das Cookie wird verwendet, um die Zustimmung des Benutzers f\u00fcr die Cookies in der Kategorie \u201eLeistung\u201c zu speichern.<\/td><\/tr><tr><td>viewed_cookie_policy<\/td><td>Das Cookie wird vom Plugin GDPR Cookie Consent gesetzt und wird verwendet, um zu speichern, ob der Benutzer der Verwendung von Cookies zugestimmt hat oder nicht. Es werden keine personenbezogenen Daten gespeichert.<\/td><\/tr><\/tbody><\/table><\/figure>\n\n\n\n<h2 class=\"wp-block-heading\">Wie kann ich die Cookie-Einstellungen steuern?<\/h2>\n\n\n\n<p>Sollten Sie sich sp\u00e4ter w\u00e4hrend Ihrer Browsersitzung dazu entschlie\u00dfen, Ihre Einstellungen zu \u00e4ndern, k\u00f6nnen Sie hier klicken:<\/p>\n\n\n<div class=\"cli_user_consent_state\">Dein aktueller Status: Keine Einwilligung erteilt. <a class=\"cli_manage_current_consent\" style=\"cursor:pointer;text-decoration:underline;\">Verwalte deine Einwilligung<\/a> <\/div>\n\n\n\n<p>Dadurch wird der Einwilligungshinweis erneut angezeigt, sodass Sie Ihre Einstellungen \u00e4ndern oder Ihre Einwilligung vollst\u00e4ndig widerrufen k\u00f6nnen.<\/p>\n\n\n\n<p>Dar\u00fcber hinaus bieten verschiedene Browser unterschiedliche Methoden zum Blockieren und L\u00f6schen von Cookies, die von Websites verwendet werden. Sie k\u00f6nnen die Einstellungen Ihres Browsers \u00e4ndern, um die Cookies zu blockieren\/zu l\u00f6schen. Um mehr dar\u00fcber zu erfahren, wie Sie Cookies verwalten und l\u00f6schen, besuchen Sie wikipedia.org, www.allaboutcookies.org.<\/p>","protected":false},"excerpt":{"rendered":"<p>Datenschutzerkl\u00e4rung Diese Webseite speichert keine Daten \u00fcber Nutzer. Besuchern ist es nicht gestattet, Konten anzulegen oder Eintr\u00e4ge anonym zu kommentieren \u2013 daher werden auch keine pers\u00f6nliche Daten gespeichert. Bei dem Besuch dieser Seite stimmen Sie jedoch den Bedingungen externer Inhaltsgeber zu. Eingebettete Inhalte von anderen Seiten Beitr\u00e4ge auf dieser Seite werden eventuell durch eingebettete Inhalte &hellip; <\/p>\n<p class=\"link-more\"><a href=\"https:\/\/tristanweis.com\/de\/disclaimer\/\" class=\"more-link\"><span class=\"screen-reader-text\">\u201eImpressum\u201c <\/span>weiterlesen<\/a><\/p>\n","protected":false},"author":1,"featured_media":0,"parent":0,"menu_order":0,"comment_status":"closed","ping_status":"closed","template":"","meta":{"footnotes":""},"class_list":["post-1894","page","type-page","status-publish","hentry"],"_links":{"self":[{"href":"https:\/\/tristanweis.com\/de\/wp-json\/wp\/v2\/pages\/1894","targetHints":{"allow":["GET"]}}],"collection":[{"href":"https:\/\/tristanweis.com\/de\/wp-json\/wp\/v2\/pages"}],"about":[{"href":"https:\/\/tristanweis.com\/de\/wp-json\/wp\/v2\/types\/page"}],"author":[{"embeddable":true,"href":"https:\/\/tristanweis.com\/de\/wp-json\/wp\/v2\/users\/1"}],"replies":[{"embeddable":true,"href":"https:\/\/tristanweis.com\/de\/wp-json\/wp\/v2\/comments?post=1894"}],"version-history":[{"count":8,"href":"https:\/\/tristanweis.com\/de\/wp-json\/wp\/v2\/pages\/1894\/revisions"}],"predecessor-version":[{"id":2821,"href":"https:\/\/tristanweis.com\/de\/wp-json\/wp\/v2\/pages\/1894\/revisions\/2821"}],"wp:attachment":[{"href":"https:\/\/tristanweis.com\/de\/wp-json\/wp\/v2\/media?parent=1894"}],"curies":[{"name":"wp","href":"https:\/\/api.w.org\/{rel}","templated":true}]}}