{"id":2437,"date":"2017-11-17T15:27:46","date_gmt":"2017-11-17T14:27:46","guid":{"rendered":"\/?page_id=2437"},"modified":"2022-04-20T00:26:18","modified_gmt":"2022-04-19T22:26:18","slug":"other-stuff","status":"publish","type":"page","link":"https:\/\/tristanweis.com\/de\/other-stuff\/","title":{"rendered":"Sonstiges"},"content":{"rendered":"<p class=\"welcome-text\" style=\"text-align: center;\">\n  <span style=\"font-size: 32px; font-family: 'Crimson Text'; color: #36a9f4;\">Kategorie:<\/span><br \/>\n  <span style=\"font-size: 32px; font-family: 'Crimson Text';\">Sonstiges<\/span>\n<\/p>\n<p style=\"text-align: center;\">\n  <span style=\"font-family: 'Futura PT';\">Eine bunte Mischung.<\/span>\n<\/p>\n<div class=\"pt-cv-wrapper\"><div class=\"pt-cv-view pt-cv-grid pt-cv-colsys\" id=\"pt-cv-view-d141d8032w\"><div data-id=\"pt-cv-page-1\" class=\"pt-cv-page\" data-cvc=\"4\"><div class=\"col-md-3 col-sm-6 col-xs-12 pt-cv-content-item pt-cv-1-col\" ><div class='pt-cv-ifield'><a href=\"https:\/\/tristanweis.com\/de\/the-icarus-bot\/\" class=\"_self pt-cv-href-thumbnail pt-cv-thumb-default\" target=\"_self\" ><img loading=\"lazy\" decoding=\"async\" width=\"1920\" height=\"1080\" src=\"https:\/\/tristanweis.com\/wp-content\/uploads\/2015\/04\/icarus_bot-1080p-cover.jpg\" class=\"pt-cv-thumbnail\" alt=\"\" srcset=\"https:\/\/tristanweis.com\/wp-content\/uploads\/2015\/04\/icarus_bot-1080p-cover.jpg 1920w, https:\/\/tristanweis.com\/wp-content\/uploads\/2015\/04\/icarus_bot-1080p-cover-300x169.jpg 300w, https:\/\/tristanweis.com\/wp-content\/uploads\/2015\/04\/icarus_bot-1080p-cover-768x432.jpg 768w, https:\/\/tristanweis.com\/wp-content\/uploads\/2015\/04\/icarus_bot-1080p-cover-1024x576.jpg 1024w\" sizes=\"auto, 100vw\" \/><\/a>\n<h2 class=\"pt-cv-title\"><a href=\"https:\/\/tristanweis.com\/de\/the-icarus-bot\/\" class=\"_self\" target=\"_self\" >Der Icarus-Roboter<\/a><\/h2>\n<div class=\"pt-cv-content\"><p>F\u00fcr die beiden Vorlesungen <em>We make machines not art<\/em> von <a title=\":*\u00a8*\u00a8*:\u00b7..\u00b7:*\u00a8*:\u00b7..\u00b7:*\u00a8*:\u00b7..\u00b7:*\u00a8*:\u00b7..\u00b7:*\u00a8*:\u00b7..\u00b7:*\u00a8*:\u00b7..\u00b7:*\u00a8*:\u00b7..\u00b7:*\u00a8*\u00a8*:\" href=\"http:\/\/www.darsha.org\/\" target=\"_blank\" rel=\"noopener noreferrer\">Darsha Hewitt<\/a> und <em>Tangible Programming - An Introduction<\/em> von <a title=\"Johannes Deich - Media Wiki Bauhaus-Universit\u00e4t Weimar\" href=\"http:\/\/www.uni-weimar.de\/medien\/wiki\/Category:Johannes_Deich\" target=\"_blank\" rel=\"noopener noreferrer\">Johannes Deich<\/a> baute ich einen einfachen Roboter, der st\u00e4ndig vor dem Licht flieht.<br \/>\n <a href=\"https:\/\/tristanweis.com\/de\/the-icarus-bot\/#more-1321\" class=\"more-link\"><span aria-label=\"Der Icarus-Roboter weiterlesen\">(mehr\u00a0&hellip;)<\/span><\/a><\/p>\n<\/div><\/div><\/div>\n<div class=\"col-md-3 col-sm-6 col-xs-12 pt-cv-content-item pt-cv-1-col\" ><div class='pt-cv-ifield'><a href=\"https:\/\/tristanweis.com\/de\/my-first-3d-print\/\" class=\"_self pt-cv-href-thumbnail pt-cv-thumb-default\" target=\"_self\" ><img loading=\"lazy\" decoding=\"async\" width=\"1920\" height=\"1080\" src=\"https:\/\/tristanweis.com\/wp-content\/uploads\/2015\/02\/aphex_print-1080p-cover.jpg\" class=\"pt-cv-thumbnail\" alt=\"\" srcset=\"https:\/\/tristanweis.com\/wp-content\/uploads\/2015\/02\/aphex_print-1080p-cover.jpg 1920w, https:\/\/tristanweis.com\/wp-content\/uploads\/2015\/02\/aphex_print-1080p-cover-300x169.jpg 300w, https:\/\/tristanweis.com\/wp-content\/uploads\/2015\/02\/aphex_print-1080p-cover-768x432.jpg 768w, https:\/\/tristanweis.com\/wp-content\/uploads\/2015\/02\/aphex_print-1080p-cover-1024x576.jpg 1024w\" sizes=\"auto, 100vw\" \/><\/a>\n<h2 class=\"pt-cv-title\"><a href=\"https:\/\/tristanweis.com\/de\/my-first-3d-print\/\" class=\"_self\" target=\"_self\" >My first 3D print<\/a><\/h2>\n<div class=\"pt-cv-content\"><p>Having access to a 3D printer I created my first model for printing to get myself familiar with the working pipeline. I modelled a 3D version of british electronic musician and composer <a title=\"Aphex Twin Discography at Discogs\" href=\"http:\/\/www.discogs.com\/artist\/45-Aphex-Twin\" target=\"_blank\" rel=\"noopener noreferrer\">Aphex Twin<\/a>'s logo as a gift for a friend.<br \/>\n <a href=\"https:\/\/tristanweis.com\/de\/my-first-3d-print\/#more-1180\" class=\"more-link\"><span aria-label=\"My first 3D print weiterlesen\">(mehr\u00a0&hellip;)<\/span><\/a><\/p>\n<\/div><\/div><\/div>\n<div class=\"col-md-3 col-sm-6 col-xs-12 pt-cv-content-item pt-cv-1-col\" ><div class='pt-cv-ifield'><a href=\"https:\/\/tristanweis.com\/de\/climascope\/\" class=\"_self pt-cv-href-thumbnail pt-cv-thumb-default\" target=\"_self\" ><img loading=\"lazy\" decoding=\"async\" width=\"1920\" height=\"1080\" src=\"https:\/\/tristanweis.com\/wp-content\/uploads\/2013\/02\/climascope-1080p-cover.jpg\" class=\"pt-cv-thumbnail\" alt=\"\" srcset=\"https:\/\/tristanweis.com\/wp-content\/uploads\/2013\/02\/climascope-1080p-cover.jpg 1920w, https:\/\/tristanweis.com\/wp-content\/uploads\/2013\/02\/climascope-1080p-cover-300x169.jpg 300w, https:\/\/tristanweis.com\/wp-content\/uploads\/2013\/02\/climascope-1080p-cover-768x432.jpg 768w, https:\/\/tristanweis.com\/wp-content\/uploads\/2013\/02\/climascope-1080p-cover-1024x576.jpg 1024w\" sizes=\"auto, 100vw\" \/><\/a>\n<h2 class=\"pt-cv-title\"><a href=\"https:\/\/tristanweis.com\/de\/climascope\/\" class=\"_self\" target=\"_self\" >Climascope<\/a><\/h2>\n<div class=\"pt-cv-content\"><p><em>Climascope<\/em> is an interactive weather app for Android phones.<br \/>\nYou can download it for free via <del><a title=\"Climascope on Google Play\" href=\"https:\/\/play.google.com\/store\/apps\/details?id=de.uni.weimar.climascope\" target=\"_blank\" rel=\"noopener noreferrer\">Play Store<\/a><\/del> (sadly, the app is not availible at the moment) or visit the <a title=\"Climascope website\" href=\"http:\/\/climascope.tristanweis.com\" target=\"_blank\" rel=\"noopener noreferrer\">Climascope website<\/a>.<\/p>\n<p> <a href=\"https:\/\/tristanweis.com\/de\/climascope\/#more-353\" class=\"more-link\"><span aria-label=\"Climascope weiterlesen\">(mehr\u00a0&hellip;)<\/span><\/a><\/p>\n<\/div><\/div><\/div>\n<div class=\"col-md-3 col-sm-6 col-xs-12 pt-cv-content-item pt-cv-1-col\" ><div class='pt-cv-ifield'><a href=\"https:\/\/tristanweis.com\/de\/bauhaus-vorkurs\/\" class=\"_self pt-cv-href-thumbnail pt-cv-thumb-default\" target=\"_self\" ><img loading=\"lazy\" decoding=\"async\" width=\"1920\" height=\"1080\" src=\"https:\/\/tristanweis.com\/wp-content\/uploads\/2012\/09\/meteor_gray.jpg\" class=\"pt-cv-thumbnail\" alt=\"\" srcset=\"https:\/\/tristanweis.com\/wp-content\/uploads\/2012\/09\/meteor_gray.jpg 1920w, https:\/\/tristanweis.com\/wp-content\/uploads\/2012\/09\/meteor_gray-300x168.jpg 300w, https:\/\/tristanweis.com\/wp-content\/uploads\/2012\/09\/meteor_gray-1024x576.jpg 1024w\" sizes=\"auto, 100vw\" \/><\/a>\n<h2 class=\"pt-cv-title\"><a href=\"https:\/\/tristanweis.com\/de\/bauhaus-vorkurs\/\" class=\"_self\" target=\"_self\" >Bauhaus Vorkurs<\/a><\/h2>\n<div class=\"pt-cv-content\"><p>Zur\u00fcck zu den Grundlagen \u2013 <a title=\"Bauhaus Vorkurs\" href=\"http:\/\/www.uni-weimar.de\/medien\/wiki\/IFD:BauhausVorkurs2012\" target=\"_blank\" rel=\"noopener noreferrer\"><em>Bauhaus Vorkurs<\/em><\/a> war ein Kurs \u00fcber die absolut urspr\u00fcnglichen Ans\u00e4tze von Layout und Design.<br \/>\n <a href=\"https:\/\/tristanweis.com\/de\/bauhaus-vorkurs\/#more-349\" class=\"more-link\"><span aria-label=\"Bauhaus Vorkurs weiterlesen\">(mehr\u00a0&hellip;)<\/span><\/a><\/p>\n<\/div><\/div><\/div>\n<div class=\"col-md-3 col-sm-6 col-xs-12 pt-cv-content-item pt-cv-1-col\" ><div class='pt-cv-ifield'><a href=\"https:\/\/tristanweis.com\/de\/processing\/\" class=\"_self pt-cv-href-thumbnail pt-cv-thumb-default\" target=\"_self\" ><img loading=\"lazy\" decoding=\"async\" width=\"704\" height=\"396\" src=\"https:\/\/tristanweis.com\/wp-content\/uploads\/2011\/12\/processing-396p-cover.jpg\" class=\"pt-cv-thumbnail\" alt=\"\" srcset=\"https:\/\/tristanweis.com\/wp-content\/uploads\/2011\/12\/processing-396p-cover.jpg 704w, https:\/\/tristanweis.com\/wp-content\/uploads\/2011\/12\/processing-396p-cover-300x169.jpg 300w\" sizes=\"auto, 100vw\" \/><\/a>\n<h2 class=\"pt-cv-title\"><a href=\"https:\/\/tristanweis.com\/de\/processing\/\" class=\"_self\" target=\"_self\" >Processing<\/a><\/h2>\n<div class=\"pt-cv-content\"><p>W\u00e4hrend eines Einf\u00fchrungskurses in die Programmierung mit <a title=\"Processing\" href=\"http:\/\/processing.org\/\" target=\"_blank\" rel=\"noopener noreferrer\">Processing<\/a> kreierte ich diverse kleine Programme.<br \/>\n <a href=\"https:\/\/tristanweis.com\/de\/processing\/#more-312\" class=\"more-link\"><span aria-label=\"Processing weiterlesen\">(mehr\u00a0&hellip;)<\/span><\/a><\/p>\n<\/div><\/div><\/div>\n<div class=\"col-md-3 col-sm-6 col-xs-12 pt-cv-content-item pt-cv-1-col\" ><div class='pt-cv-ifield'><a href=\"https:\/\/tristanweis.com\/de\/design-for-action\/\" class=\"_self pt-cv-href-thumbnail pt-cv-thumb-default\" target=\"_self\" ><img loading=\"lazy\" decoding=\"async\" width=\"1920\" height=\"1080\" src=\"https:\/\/tristanweis.com\/wp-content\/uploads\/2011\/04\/design_for_action-1080p-cover.jpg\" class=\"pt-cv-thumbnail\" alt=\"\" srcset=\"https:\/\/tristanweis.com\/wp-content\/uploads\/2011\/04\/design_for_action-1080p-cover.jpg 1920w, https:\/\/tristanweis.com\/wp-content\/uploads\/2011\/04\/design_for_action-1080p-cover-300x169.jpg 300w, https:\/\/tristanweis.com\/wp-content\/uploads\/2011\/04\/design_for_action-1080p-cover-768x432.jpg 768w, https:\/\/tristanweis.com\/wp-content\/uploads\/2011\/04\/design_for_action-1080p-cover-1024x576.jpg 1024w\" sizes=\"auto, 100vw\" \/><\/a>\n<h2 class=\"pt-cv-title\"><a href=\"https:\/\/tristanweis.com\/de\/design-for-action\/\" class=\"_self\" target=\"_self\" >Design for action<\/a><\/h2>\n<div class=\"pt-cv-content\"><p><em>Design for Action<\/em>&nbsp;was a course I attended in my third semester. It was all about the process of designing interfaces, testing and improving them<br \/>\n <a href=\"https:\/\/tristanweis.com\/de\/design-for-action\/#more-150\" class=\"more-link\"><span aria-label=\"Design for action weiterlesen\">(mehr\u00a0&hellip;)<\/span><\/a><\/p>\n<\/div><\/div><\/div>\n<div class=\"col-md-3 col-sm-6 col-xs-12 pt-cv-content-item pt-cv-1-col\" ><div class='pt-cv-ifield'><a href=\"https:\/\/tristanweis.com\/de\/photography-course\/\" class=\"_self pt-cv-href-thumbnail pt-cv-thumb-default\" target=\"_self\" ><img loading=\"lazy\" decoding=\"async\" width=\"1920\" height=\"1080\" src=\"https:\/\/tristanweis.com\/wp-content\/uploads\/2011\/04\/fotokurs-1080p-cover.jpg\" class=\"pt-cv-thumbnail\" alt=\"\" srcset=\"https:\/\/tristanweis.com\/wp-content\/uploads\/2011\/04\/fotokurs-1080p-cover.jpg 1920w, https:\/\/tristanweis.com\/wp-content\/uploads\/2011\/04\/fotokurs-1080p-cover-300x169.jpg 300w, https:\/\/tristanweis.com\/wp-content\/uploads\/2011\/04\/fotokurs-1080p-cover-768x432.jpg 768w, https:\/\/tristanweis.com\/wp-content\/uploads\/2011\/04\/fotokurs-1080p-cover-1024x576.jpg 1024w\" sizes=\"auto, 100vw\" \/><\/a>\n<h2 class=\"pt-cv-title\"><a href=\"https:\/\/tristanweis.com\/de\/photography-course\/\" class=\"_self\" target=\"_self\" >Photography course<\/a><\/h2>\n<div class=\"pt-cv-content\"><p>Don't get me wrong, I would never describe myself as a&nbsp;<em>photographer<\/em>. But knowing how to use a camera doesn't hurt, so I took a basic photography course.<br \/>\n <a href=\"https:\/\/tristanweis.com\/de\/photography-course\/#more-132\" class=\"more-link\"><span aria-label=\"Photography course weiterlesen\">(mehr\u00a0&hellip;)<\/span><\/a><\/p>\n<\/div><\/div><\/div>\n<div class=\"col-md-3 col-sm-6 col-xs-12 pt-cv-content-item pt-cv-1-col\" ><div class='pt-cv-ifield'><a href=\"https:\/\/tristanweis.com\/de\/beyond-the-book-libridge\/\" class=\"_self pt-cv-href-thumbnail pt-cv-thumb-default\" target=\"_self\" ><img loading=\"lazy\" decoding=\"async\" width=\"1920\" height=\"1080\" src=\"https:\/\/tristanweis.com\/wp-content\/uploads\/2011\/04\/libridge-1080p-cover.jpg\" class=\"pt-cv-thumbnail\" alt=\"\" srcset=\"https:\/\/tristanweis.com\/wp-content\/uploads\/2011\/04\/libridge-1080p-cover.jpg 1920w, https:\/\/tristanweis.com\/wp-content\/uploads\/2011\/04\/libridge-1080p-cover-300x169.jpg 300w, https:\/\/tristanweis.com\/wp-content\/uploads\/2011\/04\/libridge-1080p-cover-768x432.jpg 768w, https:\/\/tristanweis.com\/wp-content\/uploads\/2011\/04\/libridge-1080p-cover-1024x576.jpg 1024w\" sizes=\"auto, 100vw\" \/><\/a>\n<h2 class=\"pt-cv-title\"><a href=\"https:\/\/tristanweis.com\/de\/beyond-the-book-libridge\/\" class=\"_self\" target=\"_self\" >Beyond the book &#8211; Libridge<\/a><\/h2>\n<div class=\"pt-cv-content\"><p>What will the library of the future look like? I tried to create a concept, that combines reading with the aspects of the social web, especially for students and teachers.<\/p>\n<p> <a href=\"https:\/\/tristanweis.com\/de\/beyond-the-book-libridge\/#more-128\" class=\"more-link\"><span aria-label=\"Beyond the book &#8211; Libridge weiterlesen\">(mehr\u00a0&hellip;)<\/span><\/a><\/p>\n<\/div><\/div><\/div>\n<div class=\"col-md-3 col-sm-6 col-xs-12 pt-cv-content-item pt-cv-1-col\" ><div class='pt-cv-ifield'><a href=\"https:\/\/tristanweis.com\/de\/multimedia-programming-with-flash\/\" class=\"_self pt-cv-href-thumbnail pt-cv-thumb-default\" target=\"_self\" ><img loading=\"lazy\" decoding=\"async\" width=\"1280\" height=\"720\" src=\"https:\/\/tristanweis.com\/wp-content\/uploads\/2010\/10\/multimedia_flash-720p-cover.jpg\" class=\"pt-cv-thumbnail\" alt=\"\" srcset=\"https:\/\/tristanweis.com\/wp-content\/uploads\/2010\/10\/multimedia_flash-720p-cover.jpg 1280w, https:\/\/tristanweis.com\/wp-content\/uploads\/2010\/10\/multimedia_flash-720p-cover-300x169.jpg 300w, https:\/\/tristanweis.com\/wp-content\/uploads\/2010\/10\/multimedia_flash-720p-cover-768x432.jpg 768w, https:\/\/tristanweis.com\/wp-content\/uploads\/2010\/10\/multimedia_flash-720p-cover-1024x576.jpg 1024w\" sizes=\"auto, 100vw\" \/><\/a>\n<h2 class=\"pt-cv-title\"><a href=\"https:\/\/tristanweis.com\/de\/multimedia-programming-with-flash\/\" class=\"_self\" target=\"_self\" >Multimedia-Programmierung mit Flash<\/a><\/h2>\n<div class=\"pt-cv-content\"><p>Hier sind ein paar Flash-Applikationen, die ich im zweiten Semester programmiert habe.<br \/>\n <a href=\"https:\/\/tristanweis.com\/de\/multimedia-programming-with-flash\/#more-84\" class=\"more-link\"><span aria-label=\"Multimedia-Programmierung mit Flash weiterlesen\">(mehr\u00a0&hellip;)<\/span><\/a><\/p>\n<\/div><\/div><\/div>\n<div class=\"col-md-3 col-sm-6 col-xs-12 pt-cv-content-item pt-cv-1-col\" ><div class='pt-cv-ifield'><a href=\"https:\/\/tristanweis.com\/de\/introduction-to-media-culture\/\" class=\"_self pt-cv-href-thumbnail pt-cv-thumb-default\" target=\"_self\" ><img loading=\"lazy\" decoding=\"async\" width=\"1920\" height=\"1080\" src=\"https:\/\/tristanweis.com\/wp-content\/uploads\/2010\/06\/media_culture-1080p-cover.jpg\" class=\"pt-cv-thumbnail\" alt=\"\" srcset=\"https:\/\/tristanweis.com\/wp-content\/uploads\/2010\/06\/media_culture-1080p-cover.jpg 1920w, https:\/\/tristanweis.com\/wp-content\/uploads\/2010\/06\/media_culture-1080p-cover-300x169.jpg 300w, https:\/\/tristanweis.com\/wp-content\/uploads\/2010\/06\/media_culture-1080p-cover-768x432.jpg 768w, https:\/\/tristanweis.com\/wp-content\/uploads\/2010\/06\/media_culture-1080p-cover-1024x576.jpg 1024w\" sizes=\"auto, 100vw\" \/><\/a>\n<h2 class=\"pt-cv-title\"><a href=\"https:\/\/tristanweis.com\/de\/introduction-to-media-culture\/\" class=\"_self\" target=\"_self\" >Introduction to media culture<\/a><\/h2>\n<div class=\"pt-cv-content\"><p>In the second semester we had to attend a theoretical course, for which I chose&nbsp;<em>Introduction to media culture<\/em>.<br \/>\n <a href=\"https:\/\/tristanweis.com\/de\/introduction-to-media-culture\/#more-71\" class=\"more-link\"><span aria-label=\"Introduction to media culture weiterlesen\">(mehr\u00a0&hellip;)<\/span><\/a><\/p>\n<\/div><\/div><\/div>\n<div class=\"col-md-3 col-sm-6 col-xs-12 pt-cv-content-item pt-cv-1-col\" ><div class='pt-cv-ifield'><a href=\"https:\/\/tristanweis.com\/de\/hometab\/\" class=\"_self pt-cv-href-thumbnail pt-cv-thumb-default\" target=\"_self\" ><img loading=\"lazy\" decoding=\"async\" width=\"960\" height=\"540\" src=\"https:\/\/tristanweis.com\/wp-content\/uploads\/2010\/04\/hometab-540p-cover.jpg\" class=\"pt-cv-thumbnail\" alt=\"\" srcset=\"https:\/\/tristanweis.com\/wp-content\/uploads\/2010\/04\/hometab-540p-cover.jpg 960w, https:\/\/tristanweis.com\/wp-content\/uploads\/2010\/04\/hometab-540p-cover-300x169.jpg 300w, https:\/\/tristanweis.com\/wp-content\/uploads\/2010\/04\/hometab-540p-cover-768x432.jpg 768w\" sizes=\"auto, 100vw\" \/><\/a>\n<h2 class=\"pt-cv-title\"><a href=\"https:\/\/tristanweis.com\/de\/hometab\/\" class=\"_self\" target=\"_self\" >Hometab<\/a><\/h2>\n<div class=\"pt-cv-content\"><p>This is another work I've done in my first semester. It was part of the introduction to my program of study, where we had to choose a professorship and work on a small project in the associated environment.<br \/>\n <a href=\"https:\/\/tristanweis.com\/de\/hometab\/#more-61\" class=\"more-link\"><span aria-label=\"Hometab weiterlesen\">(mehr\u00a0&hellip;)<\/span><\/a><\/p>\n<\/div><\/div><\/div><\/div><\/div><\/div>","protected":false},"excerpt":{"rendered":"<p>Kategorie: Sonstiges Eine bunte Mischung.<\/p>\n","protected":false},"author":1,"featured_media":0,"parent":0,"menu_order":0,"comment_status":"closed","ping_status":"closed","template":"","meta":{"footnotes":""},"class_list":["post-2437","page","type-page","status-publish","hentry"],"_links":{"self":[{"href":"https:\/\/tristanweis.com\/de\/wp-json\/wp\/v2\/pages\/2437","targetHints":{"allow":["GET"]}}],"collection":[{"href":"https:\/\/tristanweis.com\/de\/wp-json\/wp\/v2\/pages"}],"about":[{"href":"https:\/\/tristanweis.com\/de\/wp-json\/wp\/v2\/types\/page"}],"author":[{"embeddable":true,"href":"https:\/\/tristanweis.com\/de\/wp-json\/wp\/v2\/users\/1"}],"replies":[{"embeddable":true,"href":"https:\/\/tristanweis.com\/de\/wp-json\/wp\/v2\/comments?post=2437"}],"version-history":[{"count":3,"href":"https:\/\/tristanweis.com\/de\/wp-json\/wp\/v2\/pages\/2437\/revisions"}],"predecessor-version":[{"id":2854,"href":"https:\/\/tristanweis.com\/de\/wp-json\/wp\/v2\/pages\/2437\/revisions\/2854"}],"wp:attachment":[{"href":"https:\/\/tristanweis.com\/de\/wp-json\/wp\/v2\/media?parent=2437"}],"curies":[{"name":"wp","href":"https:\/\/api.w.org\/{rel}","templated":true}]}}